{"id":156,"date":"2018-04-25T09:37:28","date_gmt":"2018-04-25T16:37:28","guid":{"rendered":"http:\/\/zgg.5f8.myftpupload.com\/?page_id=156"},"modified":"2025-09-16T07:53:53","modified_gmt":"2025-09-16T14:53:53","slug":"home","status":"publish","type":"page","link":"https:\/\/oceansideusdbond.maasco.com\/es\/","title":{"rendered":"OUSD Bond Program Management &#038; Construction"},"content":{"rendered":"<h1>Bond Program Management &amp; Construction &#8211;<\/h1>\n<h2>Oceanside Unified School District<\/h2>\n\n<p>El 3 de junio de 2008, los votantes de Oceanside aprobaron una medida de bonos,\u00a0<a href=\"https:\/\/oceansideusdbond.maasco.com\/wp-content\/uploads\/2021\/08\/Prop-H-Full-Text-of-Ballot-Measure.pdf\" target=\"_blank\" rel=\"noopener\">Proposici\u00f3n H<\/a>, autorizando al Distrito Escolar Unificado de Oceanside a emitir hasta $195 millones en bonos de obligaci\u00f3n general para mejoras de las instalaciones escolares, permitiendo al distrito completar las reparaciones y el esfuerzo de modernizaci\u00f3n establecido bajo el programa de construcci\u00f3n de bonos de la Proposici\u00f3n G para proporcionar instalaciones de alta calidad para todos los estudiantes de Oceanside.<\/p>\n<p>On November 3, 2020, Oceanside voters approved a bond measure, <a href=\"https:\/\/resources.finalsite.net\/images\/v1722008073\/osideus\/bngs47wxhis04yo9pttv\/MeasureWfullballotmeasure.pdf\" target=\"_blank\" rel=\"noopener\">Measure W<\/a>, authorizing the Oceanside Unified School District to issue up to $160 million in general obligation bonds for school facility and grounds improvements, enabling the district to repair and upgrade school facilities to provide high quality facilities for all Oceanside students.<\/p>\n<p>To oversee the expenditures of Proposition H bond funds and Measure W bond fund, a Citizens&#8217; Bond Oversight Committee (CBOC) has been established for each bond to assure that bond funds are spent for the purpose they were intended. Links to annual reports, audit reports, and budget reports can be accessed for both <a href=\"https:\/\/www.oside.us\/departments\/bond-programs\/prop-h\" target=\"_blank\" rel=\"noopener\">Proposici\u00f3n H<\/a> and <a href=\"https:\/\/www.oside.us\/departments\/bond-programs\/measure-w\" target=\"_blank\" rel=\"noopener\">Measure W<\/a>.<\/p>\n<p>Las escuelas recibir\u00e1n reparaciones, modernizaciones, mejoras, expansi\u00f3n y nuevas construcciones seg\u00fan lo justifique la inscripci\u00f3n y el uso de las instalaciones para proporcionar instalaciones equitativas para todos los estudiantes.<\/p>\n<p>The District has undertaken several comprehensive planning efforts to guide facility improvements over time; initial planning efforts were completed through its <a href=\"https:\/\/oceansideusdbond.maasco.com\/wp-content\/uploads\/2020\/06\/Capital-Improvement-Plan-2008-new.pdf\">2008 Capital Improvement Plan<\/a>. A more detailed, <a href=\"https:\/\/oceansideusdbond.maasco.com\/wp-content\/uploads\/2024\/10\/OUSD_MasterPlan_2017.pdf\">Long Range Facilities Master Plan<\/a>\u00a0was developed in 2017 to address evolving educational needs and infrastructure requirements.<\/p>\n<p>Building on these foundations, the District completed a <a href=\"https:\/\/www.ousdplan.org\/\">significant new Master Plan in Fall 2021<\/a>, which comprehensively reassesses facility needs and provides an interactive online format. This living document approach ensures planning remains relevant and responsive to changes in educational programming and building code requirements.<\/p>\n\t<p>Con eso en mente, esperamos que este sitio web sirva como un recurso valioso para obtener informaci\u00f3n sobre los proyectos que se realizar\u00e1n y afectaran a la mayoria. Este sitio web servir\u00e1 como medio para:<\/p>\n<ul>\n<li>Proporcionar actualizaciones sobre el progreso del proyecto.<\/li>\n<li>Notificar a la comunidad sobre eventos importantes de participaci\u00f3n y divulgaci\u00f3n<\/li>\n<li>Poner informaci\u00f3n relacionada con la construcci\u00f3n (incluidas las solicitudes de RFP \/ Q, licitaciones y adjudicaciones de contratos)<\/li>\n<li>Link you to other important websites and\/or information relating to the Proposition H and Measure W Bond Programs<\/li>\n<\/ul>\n<p>We look forward to providing you with meaningful &amp; transparent project updates.<\/p>\n<p>Thank you for supporting our efforts in <strong><a href=\"https:\/\/oceansideusdbond.maasco.com\/es\/projects\/transforming-our-campuses\/\" target=\"_blank\" rel=\"noopener\">Transforming our Campuses!<\/a><\/strong><\/p>\n\t\t\t\t<a href=\"https:\/\/oceansideusdbond.maasco.com\/es\/projects\/transforming-our-campuses\/\"  target=\"_self\" itemprop=\"url\">\n\t\t\t\t<img loading=\"lazy\" decoding=\"async\" src=\"https:\/\/oceansideusdbond.maasco.com\/wp-content\/uploads\/2024\/10\/clickhereFinal.webp\" alt=\"Click Here!\" itemprop=\"image\" height=\"256\" width=\"512\" title=\"Click Here!\" onerror=\"this.style.display='none'\"  \/>\n\t\t\t\t<\/a>","protected":false},"excerpt":{"rendered":"<p>Bond Program Management &amp; Construction &#8211; Oceanside Unified School District On June 3, 2008, Oceanside voters approved\u00a0a bond measure,\u00a0Proposition H,\u00a0authorizing the Oceanside Unified School District to issue up to $195 million in general obligation bonds for school facility improvements, enabling the district to complete the repairs and modernization effort established under the Proposition G bond [&hellip;]<\/p>\n","protected":false},"author":16,"featured_media":0,"parent":0,"menu_order":0,"comment_status":"closed","ping_status":"closed","template":"","meta":{"site-sidebar-layout":"default","site-content-layout":"","ast-site-content-layout":"full-width-container","site-content-style":"boxed","site-sidebar-style":"default","ast-global-header-display":"","ast-banner-title-visibility":"","ast-main-header-display":"","ast-hfb-above-header-display":"","ast-hfb-below-header-display":"","ast-hfb-mobile-header-display":"","site-post-title":"","ast-breadcrumbs-content":"","ast-featured-img":"","footer-sml-layout":"","ast-disable-related-posts":"","theme-transparent-header-meta":"","adv-header-id-meta":"","stick-header-meta":"","header-above-stick-meta":"","header-main-stick-meta":"","header-below-stick-meta":"","astra-migrate-meta-layouts":"set","ast-page-background-enabled":"default","ast-page-background-meta":{"desktop":{"background-color":"var(--ast-global-color-4)","background-image":"","background-repeat":"repeat","background-position":"center center","background-size":"auto","background-attachment":"scroll","background-type":"","background-media":"","overlay-type":"","overlay-color":"","overlay-gradient":""},"tablet":{"background-color":"","background-image":"","background-repeat":"repeat","background-position":"center center","background-size":"auto","background-attachment":"scroll","background-type":"","background-media":"","overlay-type":"","overlay-color":"","overlay-gradient":""},"mobile":{"background-color":"","background-image":"","background-repeat":"repeat","background-position":"center center","background-size":"auto","background-attachment":"scroll","background-type":"","background-media":"","overlay-type":"","overlay-color":"","overlay-gradient":""}},"ast-content-background-meta":{"desktop":{"background-color":"var(--ast-global-color-5)","background-image":"","background-repeat":"repeat","background-position":"center center","background-size":"auto","background-attachment":"scroll","background-type":"","background-media":"","overlay-type":"","overlay-color":"","overlay-gradient":""},"tablet":{"background-color":"var(--ast-global-color-5)","background-image":"","background-repeat":"repeat","background-position":"center center","background-size":"auto","background-attachment":"scroll","background-type":"","background-media":"","overlay-type":"","overlay-color":"","overlay-gradient":""},"mobile":{"background-color":"var(--ast-global-color-5)","background-image":"","background-repeat":"repeat","background-position":"center center","background-size":"auto","background-attachment":"scroll","background-type":"","background-media":"","overlay-type":"","overlay-color":"","overlay-gradient":""}},"footnotes":""},"class_list":["post-156","page","type-page","status-publish","hentry"],"_links":{"self":[{"href":"https:\/\/oceansideusdbond.maasco.com\/es\/wp-json\/wp\/v2\/pages\/156","targetHints":{"allow":["GET"]}}],"collection":[{"href":"https:\/\/oceansideusdbond.maasco.com\/es\/wp-json\/wp\/v2\/pages"}],"about":[{"href":"https:\/\/oceansideusdbond.maasco.com\/es\/wp-json\/wp\/v2\/types\/page"}],"author":[{"embeddable":true,"href":"https:\/\/oceansideusdbond.maasco.com\/es\/wp-json\/wp\/v2\/users\/16"}],"replies":[{"embeddable":true,"href":"https:\/\/oceansideusdbond.maasco.com\/es\/wp-json\/wp\/v2\/comments?post=156"}],"version-history":[{"count":0,"href":"https:\/\/oceansideusdbond.maasco.com\/es\/wp-json\/wp\/v2\/pages\/156\/revisions"}],"wp:attachment":[{"href":"https:\/\/oceansideusdbond.maasco.com\/es\/wp-json\/wp\/v2\/media?parent=156"}],"curies":[{"name":"wp","href":"https:\/\/api.w.org\/{rel}","templated":true}]}}