{"id":6523,"date":"2025-03-24T12:59:23","date_gmt":"2025-03-24T19:59:23","guid":{"rendered":"https:\/\/oceansideusdbond.maasco.com\/?page_id=6523"},"modified":"2025-10-02T13:04:32","modified_gmt":"2025-10-02T20:04:32","slug":"chavez","status":"publish","type":"page","link":"https:\/\/oceansideusdbond.maasco.com\/es\/projects\/transforming-our-campuses\/chavez\/","title":{"rendered":"C\u00e9sar Ch\u00e1vez Middle School"},"content":{"rendered":"<h1>\n\t\t\tC\u00c9SAR CH\u00c1VEZ MIDDLE SCHOOL\t<\/h1>\n\t\t\t\t<a href=\"https:\/\/chavez.oside.us\/\"  target=\"_blank\" rel=\"noopener\"  itemprop=\"url\">\n\t\t\t\t<img decoding=\"async\" src=\"https:\/\/oceansideusdbond.maasco.com\/wp-content\/uploads\/2025\/04\/chavez-transparent.webp\" alt=\"C\u00e9sar Ch\u00e1vez Middle School\" itemprop=\"image\" height=\"324\" width=\"512\" title=\"C\u00e9sar Ch\u00e1vez Middle School\" onerror=\"this.style.display='none'\" loading=\"lazy\" \/>\n\t\t\t\t<\/a>\n<h2>\n\t\t\tProyectos completados\t<\/h2>\n\t\t\t<a href=\"https:\/\/oceansideusdbond.maasco.com\/es\/projects\/transforming-our-campuses\/\" target=\"_self\">\n\t\t\t\t\t\tBack to Projects\n\t\t\t\t\t<\/a>\n\t\t\t<img decoding=\"async\" loading=\"false\" src=\"https:\/\/oceansideusdbond.maasco.com\/wp-content\/uploads\/2024\/08\/IMG_5087-scaled.jpg\" alt=\"\" \/>\t\t\t\n\t\t\t<img decoding=\"async\" loading=\"false\" src=\"https:\/\/oceansideusdbond.maasco.com\/wp-content\/uploads\/2025\/04\/IMG_5179-scaled.jpg\" alt=\"\" \/>\t\t\t\n\t\t\t<img decoding=\"async\" loading=\"false\" src=\"https:\/\/oceansideusdbond.maasco.com\/wp-content\/uploads\/2025\/04\/IMG_5181-scaled.jpg\" alt=\"\" \/>\t\t\t\n\t\t\t\t<a href=\"#\" aria-label=\"previous\" role=\"button\">\n<\/a>\n\t\t\t\t<a href=\"#\" aria-label=\"next\" role=\"button\">\n<\/a>\n\t<!DOCTYPE html>\n<html lang=\"en\">\n<head>\n    <meta charset=\"UTF-8\"\/>\n    <meta name=\"viewport\" content=\"width=device-width, initial-scale=1.0\"\/>\n    <title>Projects Display<\/title>\n    <style>\n        @import url('https:\/\/fonts.googleapis.com\/css2?family=Nunito:wght@300;500;700&display=swap');\n        .projects-container {\n            font-family: 'Nunito', sans-serif;\n            max-width: 820px;\n            margin: 0;\n            padding: 20px;\n            color: #000000;\n            background-color: #ffffff;\n            display: flex;\n            justify-content: center;\n            align-self: center;\n        }\n        .projects-container h2 {\n            font-weight: 700;\n            font-size: 26px;\n            color: #ffffff;\n            background-color: #542f7f;\n            padding: 10px 10px;\n            border-left: 5px solid #e6e6e6;\n            margin-top: 10px;\n            box-sizing: border-box;\n        }\n        .projects-container h3 {\n            font-weight: 700;\n            font-size: 20px;\n            color: #542f7f;\n            margin-bottom: 5px;\n            margin-top: 5px;\n            display: flex;\n            justify-content: space-between;\n            align-items: center;\n        }\n        .project-name {\n            flex: 1;\n            margin-right: 10px;\n        }\n        .project-list {\n            list-style-type: none;\n            padding: 0;\n            width: 100%;\n            display: flex;\n            justify-content: center;\n        }\n        .project-item {\n            background-color: #ffffff;\n            border-radius: 8px;\n            padding: 20px;\n            margin: 20px;\n            box-shadow: 0 2px 5px rgba(0,0,0,0.1);\n            transition: transform 0.3s ease;\n            border: 1px solid #e6e6e6;\n            width: 540px;\n            height: 350px;\n            align-content: center;\n            display: flex;\n            flex-direction: column;\n        }\n        .project-item:hover {\n            transform: translateY(-5px);\n            box-shadow: 0 4px 10px rgba(0,0,0,0.15);\n            border-color: #542f7f;\n        }\n        .project-item p {\n            font-weight: 700;\n            font-size: 18px;\n            margin: 5px 0;\n            display: flex;\n            justify-content: space-between;\n            align-items: center;\n            flex-wrap: nowrap;\n        }\n        .project-date, .project-funding, .project-bond {\n            background-color: #e6e6e6;\n            color: #542f7f;\n            padding: 3px 8px;\n            border-radius: 3px;\n            font-weight: 500;\n            font-size: 16px;\n            display: inline-block;\n        }\n        .project-funding {\n            background-color: #542f7f;\n            color: #e6e6e6;\n        }\n        .project-bond {\n            background-color: #542f7f;\n            color: #e6e6e6;\n            font-size: 16px;\n            white-space: nowrap;\n        }\n        .project-description {\n            text-align: justify;\n            padding: 25px 5px 5px 5px;\n            font-size: 16px;\n            line-height: 1.25;\n            flex-grow: 1;\n            display: flex;\n            align-items: flex-start;\n        }\n        .date-label {\n            font-size: 16px;\n        }\n        @media (max-width: 480px) {\n            .project-item h3, .project-item p {\n                flex-direction: column;\n                align-items: flex-start;\n            }\n            .project-bond, .project-funding {\n                margin-left: 0;\n                margin-top: 5px;\n            }\n        }\n    <\/style>\n<\/head>\n<body>\n        <section id=\"completed-projects\">\n            <ul>\n                <li>\n                    <h3>\n                        Ch\u00e1vez &#8211; Safety &#038; Security\n                        Measure W\n                    <\/h3>\n                    \n                        Completed: August 2024\n                        Budget: $480,358.87\n                    \n                        Ch\u00e1vez Middle School was chosen as one of the two pilot program sites to implement the District-Wide Safety &#038; Security initiative. State-of-the-art audio-visual technology was installed in all teaching spaces, enhancing the safety of staff and students. This cross-functional technology also allows for recording lectures for teaching purposes, providing educational benefits beyond the security improvements.\n                <\/li>\n            <\/ul>\n        <\/section>\n<\/body>\n<\/html>\n\t\t\t<img decoding=\"async\" loading=\"false\" src=\"https:\/\/oceansideusdbond.maasco.com\/wp-content\/uploads\/2025\/04\/2024013101.png\" alt=\"\" \/>\t\t\t\n\t\t\t<img decoding=\"async\" loading=\"false\" src=\"https:\/\/oceansideusdbond.maasco.com\/wp-content\/uploads\/2025\/04\/2023101201.png\" alt=\"\" \/>\t\t\t\n\t\t\t\t<a href=\"#\" aria-label=\"previous\" role=\"button\">\n<\/a>\n\t\t\t\t<a href=\"#\" aria-label=\"next\" role=\"button\">\n<\/a>\n\t<style>\n  @import url('https:\/\/fonts.googleapis.com\/css2?family=Nunito:wght@300;500;700&display=swap');\n  .projects-container {\n    font-family: 'Nunito', sans-serif;\n    max-width: 1100px;\n    align-content: center;\n    height: 400px;\n    margin: 0 auto;\n    padding: 5px;\n    color: #000000;\n    background-color: #ffffff;\n  }\n  .projects-container h2 {\n    font-weight: 700;\n    font-size: 26px;\n    color: #ffffff;\n    background-color: #542f7f;\n    padding: 10px 15px;\n    border-left: 5px solid #e6e6e6;\n    margin-top: 10px;\n    box-sizing: border-box;\n  }\n  .projects-container h3 {\n    font-weight: 500;\n    font-size: 20px;\n    color: #542f7f;\n    margin-bottom: 5px;\n    margin-top: 5px;\n    display: flex;\n    justify-content: space-between;\n    align-items: center;\n  }\n  .project-name {\n    flex: 1;\n    font-weight: 700;\n    margin-right: 10px;\n  }\n  .project-list {\n    list-style-type: none;\n    padding: 0;\n  }\n  .project-item {\n    background-color: #ffffff;\n    border-radius: 8px;\n    padding: 10px;\n    margin-bottom: 10px;\n    box-shadow: 0 2px 5px rgba(0,0,0,0.1);\n    transition: transform 0.3s ease;\n    border: 1px solid #e6e6e6;\n  }\n  .project-item:hover {\n    transform: translateY(-5px);\n    box-shadow: 0 4px 10px rgba(0,0,0,0.15);\n    border-color: #542f7f;\n  }\n  .project-item p {\n    font-weight: 300;\n    font-size: 18px;\n    margin: 5px 0;\n    display: flex;\n    justify-content: space-between;\n    align-items: center;\n    flex-wrap: nowrap;\n  }\n  .project-date, .project-funding, .project-bond {\n    background-color: #e6e6e6;\n    color: #542f7f;\n    padding: 3px 8px;\n    margin-bottom: 10px;\n    border-radius: 3px;\n    font-weight: 500;\n    font-size: 16px;\n    display: inline-block;\n  }\n  .project-funding {\n    background-color: #542f7f;\n    color: #e6e6e6;\n  }\n  .project-bond {\n    background-color: #542f7f;\n    color: #e6e6e6;\n    font-size: 16px;\n    white-space: nowrap;\n  }  \n  .project-description {\n    text-align: justify;\n    padding: 20px 5px 5px 5px;\n    font-size: 16px;\n    line-height: 1.25;\n  }\n  .date-label {\n    font-size: 16px;\n  }\n  @media (max-width: 480px) {\n    .project-item h3, .project-item p {\n      flex-direction: column;\n      align-items: flex-start;\n    }\n    .project-bond, .project-funding {\n      margin-left: 0;\n      margin-top: 5px;\n    }\n  }\n<\/style>\n  <section id=\"completed-projects\">\n    <ul>\n      <li>\n        <h3>\n          Ch\u00e1vez &#8211; Shade Structure\n          Measure W\n        <\/h3>\n        \n          Completed: March 2024\n          Budget: $191,838.78\n        \nThe summer of 2023 enhancement project at Ch\u00e1vez Middle School featured two new 20&#8217;x15&#8242; fabric shade structures complemented by decorative concrete seat walls. These additions provide essential sun protection while creating functional gathering spaces for students during outdoor activities and learning sessions. The structures integrate seamlessly with the existing campus aesthetic, enhancing the outdoor experience for the school community.            \n      <\/li>\n          <\/ul>\n  <\/section>\n\t\t\t<img decoding=\"async\" loading=\"false\" src=\"https:\/\/oceansideusdbond.maasco.com\/wp-content\/uploads\/2025\/04\/chavez-new-4.jpg\" alt=\"\" \/>\t\t\t\n\t\t\t<img decoding=\"async\" loading=\"false\" src=\"https:\/\/oceansideusdbond.maasco.com\/wp-content\/uploads\/2025\/04\/chavez-new-3.jpg\" alt=\"\" \/>\t\t\t\n\t\t\t<img decoding=\"async\" loading=\"false\" src=\"https:\/\/oceansideusdbond.maasco.com\/wp-content\/uploads\/2025\/04\/chavez-new-2.jpg\" alt=\"\" \/>\t\t\t\n\t\t\t<img decoding=\"async\" loading=\"false\" src=\"https:\/\/oceansideusdbond.maasco.com\/wp-content\/uploads\/2025\/04\/chavez-new-1.jpg\" alt=\"\" \/>\t\t\t\n\t\t\t\t<a href=\"#\" aria-label=\"previous\" role=\"button\">\n<\/a>\n\t\t\t\t<a href=\"#\" aria-label=\"next\" role=\"button\">\n<\/a>\n\t<style>\n  @import url('https:\/\/fonts.googleapis.com\/css2?family=Nunito:wght@300;500;700&display=swap');\n  .projects-container {\n    font-family: 'Nunito', sans-serif;\n    max-width: 800px;\n    height: 400px;\n    margin: 0 auto;\n    padding: 5px;\n    color: #000000;\n    background-color: #ffffff;\n  }\n  .projects-container h2 {\n    font-weight: 700;\n    font-size: 26px;\n    color: #ffffff;\n    background-color: #542f7f;\n    padding: 10px 15px;\n    border-left: 5px solid #e6e6e6;\n    margin-top: 10px;\n    box-sizing: border-box;\n  }\n  .projects-container h3 {\n    font-weight: 500;\n    font-size: 20px;\n    color: #542f7f;\n    margin-bottom: 5px;\n    margin-top: 5px;\n    display: flex;\n    justify-content: space-between;\n    align-items: center;\n  }\n  .project-name {\n    flex: 1;\n    margin-right: 10px;\n  }\n  .project-list {\n    list-style-type: none;\n    padding: 0;\n  }\n  .project-item {\n    background-color: #ffffff;\n    border-radius: 8px;\n    padding: 10px;\n    margin-bottom: 10px;\n    box-shadow: 0 2px 5px rgba(0,0,0,0.1);\n    transition: transform 0.3s ease;\n    border: 1px solid #e6e6e6;\n  }\n  .project-item:hover {\n    transform: translateY(-5px);\n    box-shadow: 0 4px 10px rgba(0,0,0,0.15);\n    border-color: #542f7f;\n  }\n  .project-item p {\n    font-weight: 300;\n    font-size: 18px;\n    margin: 5px 0;\n    display: flex;\n    justify-content: space-between;\n    align-items: center;\n    flex-wrap: nowrap;\n  }\n  .project-date, .project-funding, .project-bond {\n    background-color: #e6e6e6;\n    color: #542f7f;\n    padding: 3px 8px;\n    border-radius: 3px;\n    font-weight: 500;\n    font-size: 16px;\n    display: inline-block;\n  }\n  .project-funding {\n    background-color: #542f7f;\n    color: #e6e6e6;\n  }\n  .project-bond {\n    background-color: #542f7f;\n    color: #e6e6e6;\n    font-size: 16px;\n    white-space: nowrap;\n  }\n  .project-description {\n    text-align: justify;\n    padding: 10px 5px 5px 5px;\n    font-size: 16px;\n    line-height: 1.25;\n}\n  .date-label {\n    font-size: 16px;\n  }\n  @media (max-width: 480px) {\n    .project-item h3, .project-item p {\n      flex-direction: column;\n      align-items: flex-start;\n    }\n    .project-bond, .project-funding {\n      margin-left: 0;\n      margin-top: 5px;\n    }\n  }\n<\/style>\n  <section id=\"completed-projects\">\n    <ul>\n      <li>\n        <h3>\n          Ch\u00e1vez &#8211; New Construction\n          Proposition G\n        <\/h3>\n        \n          Completed: July 2008\n          Budget: $26,102,349.00\n        \n            Originally, &#8220;Murray Bridge&#8221;, Ch\u00e1vez Middle School is a new 37-classroom school that includes science laboratories, administration, library, multi-purpose, shower\/locker facilities, kitchen and food court areas, in addition to play areas with soccer and baseball fields, and hard courts for basketball, handball, and tennis. Modular and two-story design concepts have been incorporated for space efficiency, cost-savings and diverse functionality. The school is located adjacent to the 29-acre Mance Buchanon Park, providing additional recreation facilities.\n      <\/li>\n    <\/ul>\n  <\/section>","protected":false},"excerpt":{"rendered":"<p>C\u00c9SAR CH\u00c1VEZ MIDDLE SCHOOL Completed Projects Back to Projects Projects Display Ch\u00e1vez &#8211; Safety &#038; Security Measure W Completed: August 2024 Budget: $480,358.87 Ch\u00e1vez Middle School was chosen as one of the two pilot program sites to implement the District-Wide Safety &#038; Security initiative. State-of-the-art audio-visual technology was installed in all teaching spaces, enhancing the [&hellip;]<\/p>\n","protected":false},"author":16,"featured_media":0,"parent":6350,"menu_order":0,"comment_status":"closed","ping_status":"closed","template":"","meta":{"site-sidebar-layout":"default","site-content-layout":"","ast-site-content-layout":"default","site-content-style":"default","site-sidebar-style":"default","ast-global-header-display":"","ast-banner-title-visibility":"","ast-main-header-display":"","ast-hfb-above-header-display":"","ast-hfb-below-header-display":"","ast-hfb-mobile-header-display":"","site-post-title":"","ast-breadcrumbs-content":"","ast-featured-img":"","footer-sml-layout":"","ast-disable-related-posts":"","theme-transparent-header-meta":"","adv-header-id-meta":"","stick-header-meta":"","header-above-stick-meta":"","header-main-stick-meta":"","header-below-stick-meta":"","astra-migrate-meta-layouts":"set","ast-page-background-enabled":"default","ast-page-background-meta":{"desktop":{"background-color":"var(--ast-global-color-4)","background-image":"","background-repeat":"repeat","background-position":"center center","background-size":"auto","background-attachment":"scroll","background-type":"","background-media":"","overlay-type":"","overlay-color":"","overlay-opacity":"","overlay-gradient":""},"tablet":{"background-color":"","background-image":"","background-repeat":"repeat","background-position":"center center","background-size":"auto","background-attachment":"scroll","background-type":"","background-media":"","overlay-type":"","overlay-color":"","overlay-opacity":"","overlay-gradient":""},"mobile":{"background-color":"","background-image":"","background-repeat":"repeat","background-position":"center center","background-size":"auto","background-attachment":"scroll","background-type":"","background-media":"","overlay-type":"","overlay-color":"","overlay-opacity":"","overlay-gradient":""}},"ast-content-background-meta":{"desktop":{"background-color":"var(--ast-global-color-5)","background-image":"","background-repeat":"repeat","background-position":"center center","background-size":"auto","background-attachment":"scroll","background-type":"","background-media":"","overlay-type":"","overlay-color":"","overlay-opacity":"","overlay-gradient":""},"tablet":{"background-color":"var(--ast-global-color-5)","background-image":"","background-repeat":"repeat","background-position":"center center","background-size":"auto","background-attachment":"scroll","background-type":"","background-media":"","overlay-type":"","overlay-color":"","overlay-opacity":"","overlay-gradient":""},"mobile":{"background-color":"var(--ast-global-color-5)","background-image":"","background-repeat":"repeat","background-position":"center center","background-size":"auto","background-attachment":"scroll","background-type":"","background-media":"","overlay-type":"","overlay-color":"","overlay-opacity":"","overlay-gradient":""}},"footnotes":""},"class_list":["post-6523","page","type-page","status-publish","hentry"],"_links":{"self":[{"href":"https:\/\/oceansideusdbond.maasco.com\/es\/wp-json\/wp\/v2\/pages\/6523","targetHints":{"allow":["GET"]}}],"collection":[{"href":"https:\/\/oceansideusdbond.maasco.com\/es\/wp-json\/wp\/v2\/pages"}],"about":[{"href":"https:\/\/oceansideusdbond.maasco.com\/es\/wp-json\/wp\/v2\/types\/page"}],"author":[{"embeddable":true,"href":"https:\/\/oceansideusdbond.maasco.com\/es\/wp-json\/wp\/v2\/users\/16"}],"replies":[{"embeddable":true,"href":"https:\/\/oceansideusdbond.maasco.com\/es\/wp-json\/wp\/v2\/comments?post=6523"}],"version-history":[{"count":0,"href":"https:\/\/oceansideusdbond.maasco.com\/es\/wp-json\/wp\/v2\/pages\/6523\/revisions"}],"up":[{"embeddable":true,"href":"https:\/\/oceansideusdbond.maasco.com\/es\/wp-json\/wp\/v2\/pages\/6350"}],"wp:attachment":[{"href":"https:\/\/oceansideusdbond.maasco.com\/es\/wp-json\/wp\/v2\/media?parent=6523"}],"curies":[{"name":"wp","href":"https:\/\/api.w.org\/{rel}","templated":true}]}}